{"id":1830,"date":"2024-08-22T10:00:55","date_gmt":"2024-08-22T10:00:55","guid":{"rendered":"https:\/\/www.praing.ch.mandela.sui-inter.net\/?page_id=1830"},"modified":"2024-09-11T15:27:10","modified_gmt":"2024-09-11T15:27:10","slug":"datenschutz","status":"publish","type":"page","link":"https:\/\/www.praing.ch\/de\/datenschutz\/","title":{"rendered":"Datenschutz"},"content":{"rendered":"\n<div class=\"wp-block-uagb-container beitrag uagb-block-bd2ed259 alignfull uagb-is-root-container\"><div class=\"uagb-container-inner-blocks-wrap\">\n<p>Zuletzt aktualisiert am: 22.08.2024<\/p>\n\n\n\n<p>Wir legen grossen Wert darauf, dass der Umgang mit Personendaten transparent ist. Diese Datenschutzerkl\u00e4rung gibt Auskunft dar\u00fcber, welche personenbezogenen Daten wir sammeln, zu welchem Zweck und an wen wir sie weitergeben. Um eine hohe Transparenz zu gew\u00e4hrleisten, wird diese Datenschutzerkl\u00e4rung regelm\u00e4ssig \u00fcberpr\u00fcft und aktualisiert.<\/p>\n\n\n\n<h2 class=\"wp-block-heading\">1. Welche Dienste wir nutzen<\/h2>\n\n\n\n<ul class=\"wp-block-list\">\n<li>Adobe Fonts<\/li>\n\n\n\n<li>Vimeo<\/li>\n\n\n\n<li>YouTube<\/li>\n\n\n\n<li>Complianz<\/li>\n\n\n\n<li>WordPress<\/li>\n<\/ul>\n\n\n\n<h2 class=\"wp-block-heading\">2. Kontaktinformationen<\/h2>\n\n\n\n<p>Bei Fragen oder Anliegen zum Schutz Ihrer Daten durch uns erreichen Sie uns jederzeit per E-Mail unter prasa@praing.ch. Verantwortlich f\u00fcr die Datenbearbeitungen, die \u00fcber diese Website erfolgen, ist:<\/p>\n\n\n\n<p>PRA Ing\u00e9nieurs conseils SA<br>Rue de la Majorie 9<br>1950 Sion<br>Schweiz<br><br><strong>Datenschutzverantwortliche Person:<\/strong><br>Christophe Carron<br>prasa@praing.ch<br>+41 27 329 60 30<\/p>\n\n\n\n<h2 class=\"wp-block-heading\">3. Allgemeine Grunds\u00e4tze<\/h2>\n\n\n\n<h3 class=\"wp-block-heading\">3.1 Welche Daten sammeln wir von Ihnen und von wem erhalten wir diese Daten<\/h3>\n\n\n\n<p>In erster Linie bearbeiten wir Personendaten, die Sie uns \u00fcbermitteln oder die wir beim Betrieb unserer Website sammeln. Unter Umst\u00e4nden erhalten wir Personendaten \u00fcber Sie auch von Dritten. Das k\u00f6nnen folgende Kategorien sein:<\/p>\n\n\n\n<ul class=\"wp-block-list\">\n<li>Personenstammdaten (Name, Adresse, Geburtsdaten, etc.);<\/li>\n\n\n\n<li>Kontaktdaten (Handynummer, E-Mailadresse, etc.);<\/li>\n\n\n\n<li>Finanzdaten (bspw. Kontoangaben);<\/li>\n\n\n\n<li>Onlinekennungen (bspw. Cookie-Kennung, IP-Adressen);<\/li>\n\n\n\n<li>Standort- und Verkehrsdaten;<\/li>\n\n\n\n<li>Ton- und Bildaufnahmen;<\/li>\n\n\n\n<li>besonders sch\u00fctzenswerte Daten (bspw. biometrische Daten oder Angaben \u00fcber Ihre Gesundheit).<\/li>\n<\/ul>\n\n\n\n<h3 class=\"wp-block-heading\">3.2 Unter welchen Voraussetzungen bearbeiten wir Ihre Daten?<\/h3>\n\n\n\n<p>Wir behandeln Ihre Daten vertraulich und gem\u00e4ss den in dieser Datenschutzerkl\u00e4rung festgelegten Zwecken. Wir achten dabei auf eine transparente und verh\u00e4ltnism\u00e4ssige Bearbeitung.<br><br>Falls wir ausnahmsweise nicht in der Lage sind, diese Grunds\u00e4tze zu befolgen, kann die Datenbearbeitung trotzdem rechtm\u00e4ssig sein, weil ein Rechtfertigungsgrund vorliegt. Als Rechtfertigungsgrund kommt namentlich in Frage:<\/p>\n\n\n\n<ul class=\"wp-block-list\">\n<li>Ihre Einwilligung;<\/li>\n\n\n\n<li>die Durchf\u00fchrung eines Vertrages oder vorvertraglicher Massnahmen;<\/li>\n\n\n\n<li>unsere berechtigten Interessen, sofern Ihre Interessen nicht \u00fcberwiegen.<\/li>\n<\/ul>\n\n\n\n<h3 class=\"wp-block-heading\">3.3 Wie k\u00f6nnen Sie Ihre Einwilligung widerrufen?<\/h3>\n\n\n\n<p>Haben Sie uns eine Einwilligung zur Bearbeitung Ihrer personenbezogenen Daten f\u00fcr bestimmte Zwecke erteilt, bearbeiten wir Ihre Daten im Rahmen dieser Einwilligung, soweit wir keinen anderen Rechtfertigungsgrund haben.<br><br>Sie haben jederzeit die M\u00f6glichkeit, Ihre Einwilligung zu widerrufen indem Sie eine E-Mail an die im Impressum genannte Adresse schicken. Bereits erfolgte Datenverarbeitungen sind davon nicht betroffen.<\/p>\n\n\n\n<h3 class=\"wp-block-heading\">3.4 In welchen F\u00e4llen k\u00f6nnen wir Ihre Daten an Dritte weitergeben?<\/h3>\n\n\n\n<h4 class=\"wp-block-heading\">a. Grundsatz<\/h4>\n\n\n\n<p>Wir sind unter Umst\u00e4nden darauf angewiesen, die Dienste Dritter oder von verbundenen Unternehmen in Anspruch zu nehmen und diese mit der Verarbeitung Ihrer Daten zu beauftragen (sog. Auftragsverarbeiter). Kategorien der Empf\u00e4nger sind namentlich:<\/p>\n\n\n\n<ul class=\"wp-block-list\">\n<li>Buchhaltung, Treuhand und Revisionsunternehmen;<\/li>\n\n\n\n<li>Beratungsunternehmen (Rechtsberatung, Steuern, etc.);<\/li>\n\n\n\n<li>IT-Dienstleister (Webhosting, Support, Clouddienste, Webseitengestaltung, etc.);<\/li>\n\n\n\n<li>Zahlungsdienstleister;<\/li>\n\n\n\n<li>Anbieter von Tracking-, Conversion- und Werbedienstleistungen.<\/li>\n<\/ul>\n\n\n\n<p>Wir stellen sicher, dass diese Dritten und unsere verbundenen Unternehmen die Voraussetzungen des Datenschutzes einhalten und Ihre personenbezogenen Daten vertraulich behandeln.<br><br>Unter Umst\u00e4nden sind wir auch verpflichtet, Ihre personenbezogenen Daten an Beh\u00f6rden bekanntzugeben.<\/p>\n\n\n\n<h4 class=\"wp-block-heading\">b. Besuch unserer Social-Media-Kan\u00e4le<\/h4>\n\n\n\n<p>Wir haben eventuell auf unserer Website Links zu unseren Social-Media-Kan\u00e4len eingebettet. Das ist f\u00fcr Sie jeweils ersichtlich (typischerweise \u00fcber entsprechende Symbole). Klicken Sie auf die Symbole, werden Sie auf unsere Social-Media-Kan\u00e4le weitergeleitet.<br><br>Die Social Media Anbieter erfahren in diesem Fall, dass Sie von unserer Website auf deren Plattform zugreifen. Die Social Media Anbieter k\u00f6nnen die so erhobenen Daten f\u00fcr eigene Zwecke nutzen. Wir weisen darauf hin, dass wir keine Kenntnis vom Inhalt der \u00fcbermittelten Daten sowie deren Nutzung durch die Betreiber erhalten.<\/p>\n\n\n\n<h4 class=\"wp-block-heading\">c. Weitergabe ins Ausland<\/h4>\n\n\n\n<p>Unter Umst\u00e4nden kann es im Rahmen der Auftragsbearbeitung zu \u00dcbermittlung Ihrer personenbezogenen Daten an Unternehmen im Ausland kommen. Diese Unternehmen sind im gleichen Umfang zum Datenschutz verpflichtet, wie wir selbst. Die \u00dcbermittlung kann weltweit stattfinden.<br><br>Entspricht das Datenschutzniveau nicht demjenigen des der Schweiz, so nehmen wir eine vorg\u00e4ngige Risikoeinsch\u00e4tzung vor und stellen vertraglich sicher, dass der gleiche Schutz wie in der Schweiz garantiert wird (bspw. mittels der neuen Standardvertragsklauseln der EU-Kommission oder anderen, gesetzlich vorgegebenen Massnahmen). Sollte unsere Risikoeinsch\u00e4tzung negativ ausfallen, ergreifen wir zus\u00e4tzliche technische Massnahmen zum Schutz Ihrer Daten. Sie k\u00f6nnen die Standardvertragsklauseln der EU-Kommission abrufen unter folgendem Link. https:\/\/commission.europa.eu\/publications\/standard-contractual-clauses-controllers-and-processors-eueea_de<\/p>\n\n\n\n<h3 class=\"wp-block-heading\">3.5 Wie lange bewahren wir Ihre Daten auf?<\/h3>\n\n\n\n<p>Wir speichern personenbezogene Daten nur so lange, wie dies erforderlich ist, um die einzelnen Zwecke, zu denen die Daten erhoben wurden, zu erf\u00fcllen.<br><br>Daten, die wir bei Ihrem Besuch auf unserer Website speichern, werden w\u00e4hrend zw\u00f6lf Monaten aufbewahrt. Eine Ausnahme gilt f\u00fcr Analyse- und Trackingdaten, die l\u00e4nger aufbewahrt werden k\u00f6nnen.<br><br>Vertragsdaten speichern wir l\u00e4nger, da wir dazu durch gesetzliche Vorschriften verpflichtet sind. Wir m\u00fcssen insbesondere gesch\u00e4ftliche Kommunikation, geschlossene Vertr\u00e4ge und Buchungsbelege bis zu 10 Jahren aufbewahren. Soweit wir solche Daten von Ihnen nicht mehr zur Durchf\u00fchrung der Dienstleistungen ben\u00f6tigen, werden die Daten gesperrt und wir verwenden sie nur noch f\u00fcr Zwecke der Rechnungslegung und f\u00fcr Steuerzwecke.<\/p>\n\n\n\n<h3 class=\"wp-block-heading\">3.6 Wie sch\u00fctzen wir Ihre Daten?<\/h3>\n\n\n\n<p>Wir werden Ihre Daten sicher aufbewahren und alle angemessenen Massnahmen ergreifen, um Ihre Daten vor Verlust, Zugriff, Missbrauch oder \u00c4nderungen zu sch\u00fctzen.<br><br>Unsere Vertragspartner und Mitarbeitende, die Zugang zu Ihren Daten haben, sind zur Einhaltung der datenschutzrechtlichen Bestimmungen verpflichtet. In manchen F\u00e4llen wird es erforderlich sein, dass wir Ihre Anfragen an mit uns verbundene Unternehmen weiterreichen. Auch in diesen F\u00e4llen werden Ihre Daten vertraulich behandelt.<br><br>Innerhalb unserer Webseite verwenden wir das SSL-Verfahren (Secure Socket Layer) in Verbindung mit der jeweils h\u00f6chsten Verschl\u00fcsselungsstufe, die von Ihrem Browser unterst\u00fctzt wird.<\/p>\n\n\n\n<h3 class=\"wp-block-heading\">3.7 Welche Rechte haben Sie?<\/h3>\n\n\n\n<h4 class=\"wp-block-heading\">a. Auskunftsrecht<\/h4>\n\n\n\n<p>Sie k\u00f6nnen jederzeit eine Auskunft \u00fcber die von uns \u00fcber Sie gespeicherten Daten verlangen. Wir bitten Sie, Ihr Auskunftsgesuch zusammen mit einem Identit\u00e4tsnachweis an prasa@praing.ch zu senden.<br><br>Sie haben ausserdem das Recht, Ihre Daten in einem g\u00e4ngigen Dateiformat zu erhalten, wenn wir Ihre Daten automatisiert bearbeiten, und wenn:<\/p>\n\n\n\n<ul class=\"wp-block-list\">\n<li>Sie Ihre Einwilligung f\u00fcr die Bearbeitung dieser Daten erteilt haben; oder<\/li>\n\n\n\n<li>Sie Daten im Zusammenhang mit dem Abschluss oder der Abwicklung eines Vertrags bekannt gegeben haben.<\/li>\n<\/ul>\n\n\n\n<p>Wir k\u00f6nnen die Auskunft bzw. Datenherausgabe einschr\u00e4nken oder verweigern, wenn dies unseren gesetzlichen Verpflichtungen, berechtigten eigenen oder \u00f6ffentlichen Interessen oder Interessen einer Drittperson entgegensteht.<br><br>Die Bearbeitung Ihres Gesuchs unterliegt der gesetzlichen Bearbeitungsfrist von 30 Tagen. Diese Frist d\u00fcrfen wir jedoch aufgrund von hohem Anfragevolumen, aus rechtlichen oder technischen Gr\u00fcnden oder weil wir n\u00e4here Angaben von Ihnen ben\u00f6tigen, verl\u00e4ngern. Sie werden \u00fcber die Fristverl\u00e4ngerung rechtzeitig mindestens in Textform informiert.<\/p>\n\n\n\n<h4 class=\"wp-block-heading\">b. L\u00f6schung und Berichtigung<\/h4>\n\n\n\n<p>Sie haben jederzeit die M\u00f6glichkeit, die L\u00f6schung oder Berichtigung Ihrer Daten zu verlangen. Wir k\u00f6nnen das Gesuch abweisen, wenn gesetzliche Vorschriften uns zur l\u00e4ngeren bzw. unver\u00e4nderten Aufbewahrung verpflichten oder ein Erlaubnistatbestand Ihrem Gesuch entgegensteht.<br><br>Bitte beachten Sie, dass die Aus\u00fcbung Ihrer Rechte unter Umst\u00e4nden im Konflikt mit vertraglichen Abmachungen stehen und entsprechende Auswirkungen auf die Vertragsdurchf\u00fchrung haben kann (z.B. vorzeitige Vertragsaufl\u00f6sung oder Kostenfolgen).<\/p>\n\n\n\n<h4 class=\"wp-block-heading\">c. Rechtsweg<\/h4>\n\n\n\n<p>Sind Sie von der Bearbeitung personenbezogener Daten betroffen, haben Sie das Recht, Ihre Rechte gerichtlich durchzusetzen oder bei der zust\u00e4ndigen Aufsichtsbeh\u00f6rde eine Meldung einzureichen. Die zust\u00e4ndige Aufsichtsbeh\u00f6rde in der Schweiz ist der Eidgen\u00f6ssische Datenschutz- und \u00d6ffentlichkeitsbeauftragte: https:\/\/www.edoeb.admin.ch<\/p>\n\n\n\n<h3 class=\"wp-block-heading\">3.8 \u00c4nderungen an der Datenschutzerkl\u00e4rung<\/h3>\n\n\n\n<p>Wir k\u00f6nnen diese Datenschutzerkl\u00e4rung jederzeit \u00e4ndern. Die \u00c4nderungen werden auf www.praing.ch ver\u00f6ffentlicht, Sie werden nicht gesondert dar\u00fcber informiert.<\/p>\n\n\n\n<h2 class=\"wp-block-heading\">4. Einzelne Datenverarbeitungsvorg\u00e4nge<\/h2>\n\n\n\n<h3 class=\"wp-block-heading\">4.1 Bereitstellen der Webseite und Erstellung von Logfiles<\/h3>\n\n\n\n<h4 class=\"wp-block-heading\">Welche Informationen erhalten wir und wie nutzen wir sie?<\/h4>\n\n\n\n<p>Indem Sie www.praing.ch besuchen, werden auf unseren Servern oder auf Servern von Dienstleistungen und Produkten, die wir beziehen und \/ oder installiert haben, bestimmte Daten automatisch zu Zwecken der Systemadministration, f\u00fcr statistische oder f\u00fcr Sicherungszwecke oder f\u00fcr Trackingzwecke gespeichert. Es handelt sich dabei um:<\/p>\n\n\n\n<ul class=\"wp-block-list\">\n<li>den Namen Ihres Internetserviceproviders;<\/li>\n\n\n\n<li>Ihre IP-Adresse (unter Umst\u00e4nden);<\/li>\n\n\n\n<li>die Version Ihrer Browser-Software;<\/li>\n\n\n\n<li>das Betriebssystem des Rechners mit dem auf die URL zugegriffen wird;<\/li>\n\n\n\n<li>das Datum und die Uhrzeit des Zugriffs;<\/li>\n\n\n\n<li>die Webseite, von der aus Sie URL besuchen;<\/li>\n\n\n\n<li>die Suchw\u00f6rter die Sie benutzt haben, um die URL finden.<\/li>\n<\/ul>\n\n\n\n<h4 class=\"wp-block-heading\">Weshalb d\u00fcrfen wir diese Daten bearbeiten?<\/h4>\n\n\n\n<p>Diese Daten k\u00f6nnen keiner bestimmten Person zugeordnet werden und es findet keine Zusammenf\u00fchrung dieser Daten mit anderen Datenquellen statt. Die Speicherung der Logfiles erfolgt, um die Funktionsf\u00e4higkeit der Webseite zu garantieren und zur Sicherstellung der Sicherheit unserer informationstechnischen Systeme. Hierin besteht unser berechtigtes Interesse.<\/p>\n\n\n\n<h4 class=\"wp-block-heading\">Wie k\u00f6nnen Sie die Datenerfassung verhindern?<\/h4>\n\n\n\n<p>Die Daten werden nur solange gespeichert, wie dies zur Erreichung des Zweckes Ihrer Erhebung notwendig ist. Dementsprechend werden die Daten nach Beendigung jeder Sitzung gel\u00f6scht. Die Speicherung der Logfiles ist f\u00fcr den Betrieb der Webseite zwingend notwendig, Sie haben daher keine M\u00f6glichkeit dagegen Widerspruch zu erheben.<\/p>\n\n\n\n<h3 class=\"wp-block-heading\">4.2 Adobe Fonts<\/h3>\n\n\n\n<p>Adobe Fonts ist ein Service von Adobe Systems Incorporated, 345 Park Avenue, San Jose, CA 95110-2704, USA. Adobe Fonts ist ein Online-Dienst, der den Nutzern erm\u00f6glicht, hochwertige Schriftarten auf ihren Webseiten einzubinden.<br><br>Wir verwenden Adobe Fonts, um bestimmte Schriftarten auf unserer Website zu integrieren. Dies erm\u00f6glicht uns, ein konsistentes und ansprechendes Design zu gew\u00e4hrleisten, das zur Verbesserung der Benutzererfahrung beitr\u00e4gt.<br><br>Um die Schriftarten bereitzustellen, kann Adobe Fonts Cookies oder andere Tracking-Technologien verwenden, um Informationen wie die IP-Adresse des Besuchers, den Browsertyp und die Version sowie andere Informationen \u00fcber den Besuch der Website zu sammeln.<\/p>\n\n\n\n<h3 class=\"wp-block-heading\">4.3 Vimeo<\/h3>\n\n\n\n<p>Vimeo ist ein Service von Vimeo Inc., 555 West 18th Street, New York, New York 10011, USA. Vimeo ist eine Plattform, die es Benutzern erm\u00f6glicht, Videos hochzuladen, zu teilen und anzusehen. Es bietet auch verschiedene Tools f\u00fcr Videoproduzenten, um ihre Inhalte zu monetarisieren und mit ihrem Publikum zu interagieren.<br><br>Wir nutzen Vimeo, um Videos auf unserer Website einzubetten und unseren Besuchern qualitativ hochwertige visuelle Inhalte bereitzustellen. Dies kann Produktvorstellungen, Tutorials oder andere f\u00fcr unsere Benutzer relevante Inhalte umfassen. Durch das Einbetten von Vimeo-Videos k\u00f6nnen unsere Besucher diese direkt auf unserer Website ansehen, ohne auf die Vimeo-Plattform weitergeleitet zu werden.<br><br>Wenn Sie eine Webseite unseres Internetauftritts aufrufen, die ein Vimeo-Video enth\u00e4lt, stellt Ihr Browser eine direkte Verbindung zu den Servern von Vimeo her. Dabei werden bestimmte Informationen an Vimeo \u00fcbermittelt. Dies schliesst auch die IP-Adresse des Nutzers ein. Vimeo verwendet zudem Cookies und \u00e4hnliche Technologien, um Informationen \u00fcber die Nutzung des Dienstes zu sammeln und um die Benutzererfahrung zu verbessern.<\/p>\n\n\n\n<h3 class=\"wp-block-heading\">4.4 YouTube<\/h3>\n\n\n\n<p>Auf unserer Website sind Videos von YouTube, einer Plattform der Google LLC (1600 Amphitheatre Parkway, Mountain View, CA 94043, USA; \"Google\"), eingebunden. Bei der Anzeige der Videos oder beim Klicken auf den Abspiel-Button werden Daten, einschliesslich Ihrer IP-Adresse und Informationen \u00fcber den von Ihnen genutzten Browser, an Server von Google \u00fcbermittelt und dort gespeichert. Diese Daten werden verwendet, um das Video bereitzustellen, die Performance zu \u00fcberwachen und das Nutzererlebnis zu verbessern.<br><br>Wenn Sie bei Ihrem YouTube-Konto angemeldet sind, erm\u00f6glichen Sie YouTube, Ihr Surfverhalten direkt Ihrem pers\u00f6nlichen Profil zuzuordnen. Dies k\u00f6nnen Sie verhindern, indem Sie sich aus Ihrem YouTube-Konto ausloggen.<\/p>\n\n\n\n<h3 class=\"wp-block-heading\">4.5 Complianz<\/h3>\n\n\n\n<p>Wir verwenden auf unserer Website den Dienst \"Complianz\", welcher von Really Simple Plugins, Keizersgracht 221, 1016 DV Amsterdam, Niederlande, bereitgestellt wird. Complianz ist ein Tool, das uns dabei unterst\u00fctzt, datenschutzkonforme Cookie-Hinweise zu generieren und die Einwilligung unserer Nutzer f\u00fcr die Verwendung von Cookies und anderen Tracking-Technologien gem\u00e4ss den gesetzlichen Vorschriften einzuholen.<br><br>Mit Hilfe von Complianz stellen wir sicher, dass unsere Website-Besucher \u00fcber die Verwendung von Cookies informiert werden und die M\u00f6glichkeit haben, ihre Einwilligung f\u00fcr bestimmte Cookie-Kategorien zu geben oder zu verweigern. Dies erm\u00f6glicht den Nutzern, aktiv zu entscheiden, welche Cookies sie zulassen m\u00f6chten und welche nicht.<br><br>Complianz verwendet Cookies, um die Auswahl und Pr\u00e4ferenzen der Nutzer bez\u00fcglich der Cookie-Einwilligung zu speichern. Diese Cookies speichern keine pers\u00f6nlichen Daten, sondern lediglich die von den Nutzern getroffenen Auswahlentscheidungen.<br><br>Complianz legt grossen Wert auf den Datenschutz und die Einhaltung der datenschutzrechtlichen Vorschriften. Die durch Complianz gesammelten Daten werden ausschliesslich dazu verwendet, die Cookie-Einstellungen der Nutzer zu speichern und nicht an Dritte weitergegeben.<\/p>\n\n\n\n<h3 class=\"wp-block-heading\">4.6 WordPress<\/h3>\n\n\n\n<p>Unsere Website basiert auf der Plattform WordPress, einem Content-Management-System, das von der Automattic Inc., 60 29th Street #343, San Francisco, CA 94110, USA entwickelt wurde. WordPress erm\u00f6glicht es uns, Inhalte zu erstellen, zu verwalten und zu ver\u00f6ffentlichen.<br><br>Bei der Nutzung unserer Website, die auf WordPress basiert, k\u00f6nnen verschiedene Daten, einschliesslich Ihrer IP-Adresse, Datum und Uhrzeit des Zugriffs, sowie Informationen \u00fcber den von Ihnen genutzten Browser, erfasst und gespeichert werden. Diese Daten werden haupts\u00e4chlich f\u00fcr administrative Zwecke und zur Sicherstellung eines st\u00f6rungsfreien Betriebs der Website verwendet.<br><br>Einige WordPress-Funktionen, wie Kommentare oder Kontaktformulare, k\u00f6nnen zus\u00e4tzliche personenbezogene Daten erfassen, wenn Sie diese nutzen.<\/p>\n\n\n\n<h3 class=\"wp-block-heading\">BrainBox Generatoren<\/h3>\n\n\n\n<p>BrainBox Generatoren ist ein Dienst der <a href=\"https:\/\/brainbox.swiss\/\" rel=\"noreferrer noopener\" target=\"_blank\">BrainBox Solutions GmbH<\/a>, um alle datenschutzrelevanten Dienste auf einer Website zu erkennen und unter anderem damit bei der Erstellung der Datenschutzerkl\u00e4rung zu helfen. Dabei werden keine personenbezogenen Daten erfasst oder verarbeitet.<\/p>\n<\/div><\/div>\n","protected":false},"excerpt":{"rendered":"<p>Zuletzt aktualisiert am: 22.08.2024 Wir legen grossen Wert darauf, dass der Umgang mit Personendaten transparent ist. Diese Datenschutzerkl\u00e4rung gibt Auskunft dar\u00fcber, welche personenbezogenen Daten wir sammeln, zu welchem Zweck und an wen wir sie weitergeben. Um eine hohe Transparenz zu gew\u00e4hrleisten, wird diese Datenschutzerkl\u00e4rung regelm\u00e4ssig \u00fcberpr\u00fcft und aktualisiert. 1. Welche Dienste wir nutzen 2. Kontaktinformationen [&hellip;]<\/p>\n","protected":false},"author":1,"featured_media":0,"parent":0,"menu_order":0,"comment_status":"closed","ping_status":"closed","template":"","meta":{"inline_featured_image":false,"_uag_custom_page_level_css":"","footnotes":""},"class_list":["post-1830","page","type-page","status-publish","hentry"],"uagb_featured_image_src":{"full":false,"thumbnail":false,"medium":false,"medium_large":false,"large":false,"1536x1536":false,"2048x2048":false,"ultp_layout_landscape_large":false,"ultp_layout_landscape":false,"ultp_layout_portrait":false,"ultp_layout_square":false},"uagb_author_info":{"display_name":"admin","author_link":"https:\/\/www.praing.ch\/de\/author\/adminischterprin\/"},"uagb_comment_info":0,"uagb_excerpt":"Zuletzt aktualisiert am: 22.08.2024 Wir legen grossen Wert darauf, dass der Umgang mit Personendaten transparent ist. Diese Datenschutzerkl\u00e4rung gibt Auskunft dar\u00fcber, welche personenbezogenen Daten wir sammeln, zu welchem Zweck und an wen wir sie weitergeben. Um eine hohe Transparenz zu gew\u00e4hrleisten, wird diese Datenschutzerkl\u00e4rung regelm\u00e4ssig \u00fcberpr\u00fcft und aktualisiert. 1. Welche Dienste wir nutzen 2. Kontaktinformationen&hellip;","_links":{"self":[{"href":"https:\/\/www.praing.ch\/de\/wp-json\/wp\/v2\/pages\/1830","targetHints":{"allow":["GET"]}}],"collection":[{"href":"https:\/\/www.praing.ch\/de\/wp-json\/wp\/v2\/pages"}],"about":[{"href":"https:\/\/www.praing.ch\/de\/wp-json\/wp\/v2\/types\/page"}],"author":[{"embeddable":true,"href":"https:\/\/www.praing.ch\/de\/wp-json\/wp\/v2\/users\/1"}],"replies":[{"embeddable":true,"href":"https:\/\/www.praing.ch\/de\/wp-json\/wp\/v2\/comments?post=1830"}],"version-history":[{"count":2,"href":"https:\/\/www.praing.ch\/de\/wp-json\/wp\/v2\/pages\/1830\/revisions"}],"predecessor-version":[{"id":1832,"href":"https:\/\/www.praing.ch\/de\/wp-json\/wp\/v2\/pages\/1830\/revisions\/1832"}],"wp:attachment":[{"href":"https:\/\/www.praing.ch\/de\/wp-json\/wp\/v2\/media?parent=1830"}],"curies":[{"name":"wp","href":"https:\/\/api.w.org\/{rel}","templated":true}]}}