{"id":1826,"date":"2024-08-22T09:58:48","date_gmt":"2024-08-22T09:58:48","guid":{"rendered":"https:\/\/www.praing.ch.mandela.sui-inter.net\/?page_id=1826"},"modified":"2024-09-11T15:27:19","modified_gmt":"2024-09-11T15:27:19","slug":"impressum","status":"publish","type":"page","link":"https:\/\/www.praing.ch\/de\/impressum\/","title":{"rendered":"Impressum"},"content":{"rendered":"\n<div class=\"wp-block-uagb-container beitrag uagb-block-bd2ed259 alignfull uagb-is-root-container\"><div class=\"uagb-container-inner-blocks-wrap\">\n<p><strong>Verantwortliche Instanz:<\/strong><br>PRA Ing\u00e9nieurs conseils SA<br>Rue de la Majorie 9<br>1950 Sion<br>Schweiz<br><strong>E-Mail<\/strong>: <a href=\"mailto:prasa@praing.ch\">prasa@praing.ch<\/a><\/p>\n\n\n\n<p><strong>Vertretungsberechtigte Personen<\/strong><br>S\u00e9bastien Menoud<br>Christophe Carron<br>Christian Dumoulin<br>Laurent Pitteloud<br>Pierre Epars<\/p>\n\n\n\n<p><strong>Name des Unternehmens<\/strong>: PRA Ing\u00e9nieurs conseils SA<br><strong>Registrationsnummer<\/strong>: CHE-101.447.338<br><strong>Umsatzsteuer-Identifikationsnummer<\/strong>: CHE-101.447.338 MWST<\/p>\n\n\n\n<p><strong>Haftungsausschluss<\/strong><br>Der Autor \u00fcbernimmt keine Gew\u00e4hr f\u00fcr die Richtigkeit, Genauigkeit, Aktualit\u00e4t, Zuverl\u00e4ssigkeit und Vollst\u00e4ndigkeit der Informationen.<br>Haftungsanspr\u00fcche gegen den Autor wegen Sch\u00e4den materieller oder immaterieller Art, die aus dem Zugriff oder der Nutzung bzw. Nichtnutzung der ver\u00f6ffentlichten Informationen, durch Missbrauch der Verbindung oder durch technische St\u00f6rungen entstanden sind, werden ausgeschlossen.<\/p>\n\n\n\n<p>Alle Angebote sind freibleibend. Der Autor beh\u00e4lt es sich ausdr\u00fccklich vor, Teile der Seiten oder das gesamte Angebot ohne gesonderte Ank\u00fcndigung zu ver\u00e4ndern, zu erg\u00e4nzen, zu l\u00f6schen oder die Ver\u00f6ffentlichung zeitweise oder endg\u00fcltig einzustellen.<\/p>\n\n\n\n<p><strong>Haftungsausschluss f\u00fcr Inhalte und Links<\/strong><br>Verweise und Links auf Webseiten Dritter liegen ausserhalb unseres Verantwortungsbereichs. Es wird jegliche Verantwortung f\u00fcr solche Webseiten abgelehnt. Der Zugriff und die Nutzung solcher Webseiten erfolgen auf eigene Gefahr des jeweiligen Nutzers.<\/p>\n\n\n\n<p><strong>Urheberrechtserkl\u00e4rung<\/strong><br>Die Urheber- und alle anderen Rechte an Inhalten, Bildern, Fotos oder anderen Dateien auf dieser Website, geh\u00f6ren ausschliesslich PRA Ing\u00e9nieurs conseils SA oder den speziell genannten Rechteinhabern. F\u00fcr die Reproduktion jeglicher Elemente ist die schriftliche Zustimmung des Urheberrechtstr\u00e4gers im Voraus einzuholen.<\/p>\n\n\n\n<p><strong>Quelle<\/strong>: <a href=\"https:\/\/brainbox.swiss\/\" target=\"_blank\" rel=\"noopener\">BrainBox Solutions<\/a><\/p>\n<\/div><\/div>\n","protected":false},"excerpt":{"rendered":"<p>Verantwortliche Instanz:PRA Ing\u00e9nieurs conseils SARue de la Majorie 91950 SionSchweizE-Mail: prasa@praing.ch Vertretungsberechtigte PersonenS\u00e9bastien MenoudChristophe CarronChristian DumoulinLaurent PitteloudPierre Epars Name des Unternehmens: PRA Ing\u00e9nieurs conseils SARegistrationsnummer: CHE-101.447.338Umsatzsteuer-Identifikationsnummer: CHE-101.447.338 MWST HaftungsausschlussDer Autor \u00fcbernimmt keine Gew\u00e4hr f\u00fcr die Richtigkeit, Genauigkeit, Aktualit\u00e4t, Zuverl\u00e4ssigkeit und Vollst\u00e4ndigkeit der Informationen.Haftungsanspr\u00fcche gegen den Autor wegen Sch\u00e4den materieller oder immaterieller Art, die aus dem [&hellip;]<\/p>\n","protected":false},"author":1,"featured_media":0,"parent":0,"menu_order":0,"comment_status":"closed","ping_status":"closed","template":"","meta":{"inline_featured_image":false,"_uag_custom_page_level_css":"","footnotes":""},"class_list":["post-1826","page","type-page","status-publish","hentry"],"uagb_featured_image_src":{"full":false,"thumbnail":false,"medium":false,"medium_large":false,"large":false,"1536x1536":false,"2048x2048":false,"ultp_layout_landscape_large":false,"ultp_layout_landscape":false,"ultp_layout_portrait":false,"ultp_layout_square":false},"uagb_author_info":{"display_name":"admin","author_link":"https:\/\/www.praing.ch\/de\/author\/adminischterprin\/"},"uagb_comment_info":0,"uagb_excerpt":"Verantwortliche Instanz:PRA Ing\u00e9nieurs conseils SARue de la Majorie 91950 SionSchweizE-Mail: prasa@praing.ch Vertretungsberechtigte PersonenS\u00e9bastien MenoudChristophe CarronChristian DumoulinLaurent PitteloudPierre Epars Name des Unternehmens: PRA Ing\u00e9nieurs conseils SARegistrationsnummer: CHE-101.447.338Umsatzsteuer-Identifikationsnummer: CHE-101.447.338 MWST HaftungsausschlussDer Autor \u00fcbernimmt keine Gew\u00e4hr f\u00fcr die Richtigkeit, Genauigkeit, Aktualit\u00e4t, Zuverl\u00e4ssigkeit und Vollst\u00e4ndigkeit der Informationen.Haftungsanspr\u00fcche gegen den Autor wegen Sch\u00e4den materieller oder immaterieller Art, die aus dem&hellip;","_links":{"self":[{"href":"https:\/\/www.praing.ch\/de\/wp-json\/wp\/v2\/pages\/1826","targetHints":{"allow":["GET"]}}],"collection":[{"href":"https:\/\/www.praing.ch\/de\/wp-json\/wp\/v2\/pages"}],"about":[{"href":"https:\/\/www.praing.ch\/de\/wp-json\/wp\/v2\/types\/page"}],"author":[{"embeddable":true,"href":"https:\/\/www.praing.ch\/de\/wp-json\/wp\/v2\/users\/1"}],"replies":[{"embeddable":true,"href":"https:\/\/www.praing.ch\/de\/wp-json\/wp\/v2\/comments?post=1826"}],"version-history":[{"count":3,"href":"https:\/\/www.praing.ch\/de\/wp-json\/wp\/v2\/pages\/1826\/revisions"}],"predecessor-version":[{"id":2888,"href":"https:\/\/www.praing.ch\/de\/wp-json\/wp\/v2\/pages\/1826\/revisions\/2888"}],"wp:attachment":[{"href":"https:\/\/www.praing.ch\/de\/wp-json\/wp\/v2\/media?parent=1826"}],"curies":[{"name":"wp","href":"https:\/\/api.w.org\/{rel}","templated":true}]}}