{"id":1593,"date":"2024-07-12T10:02:54","date_gmt":"2024-07-12T10:02:54","guid":{"rendered":"http:\/\/www.praing.ch.mandela.sui-inter.net\/?page_id=1593"},"modified":"2025-04-04T15:38:01","modified_gmt":"2025-04-04T13:38:01","slug":"ueber-pra-ingenieure","status":"publish","type":"page","link":"https:\/\/www.praing.ch\/de\/ueber-pra-ingenieure\/","title":{"rendered":"\u00dcber Pra Ingenieure"},"content":{"rendered":"\n<div class=\"wp-block-uagb-container hero uagb-block-215b59b8 alignfull uagb-is-root-container\"><div class=\"uagb-container-inner-blocks-wrap\">\n<div class=\"wp-block-uagb-container uagb-block-a357a1ba\"><h1 class=\"has-text-align-center has-link-color wp-elements-1eed59bb19d37b1b1f5ca03825158338 wp-block-post-title has-text-color has-base-2-color\">\u00dcber Pra Ingenieure<\/h1><\/div>\n<\/div><\/div>\n\n\n\n<div class=\"wp-block-uagb-container beitrag uagb-block-bd2ed259 alignfull uagb-is-root-container\"><div class=\"uagb-container-inner-blocks-wrap\">\n<div class=\"wp-block-uagb-container uagb-block-47280a3a\">\n<div class=\"wp-block-senff-sticky-block\" data-topspace=\"100\" data-cfa=\"true\" data-minwidth=\"767\" data-maxwidth=\"99999\" data-pushup=\".ende\" data-zindex=\"1\">\n<div class=\"wp-block-uagb-image uagb-block-e4811f84 wp-block-uagb-image--layout-default wp-block-uagb-image--effect-static wp-block-uagb-image--align-none\"><figure class=\"wp-block-uagb-image__figure\"><img decoding=\"async\" srcset=\"https:\/\/www.praing.ch\/wp-content\/uploads\/2024\/05\/40JahrePraIngHochformat.webp ,https:\/\/www.praing.ch\/wp-content\/uploads\/2024\/05\/40JahrePraIngHochformat.webp 780w, https:\/\/www.praing.ch\/wp-content\/uploads\/2024\/05\/40JahrePraIngHochformat.webp 360w\" sizes=\"auto, (max-width: 480px) 150px\" src=\"https:\/\/www.praing.ch\/wp-content\/uploads\/2024\/05\/40JahrePraIngHochformat.webp\" alt=\"40 Jahre Pra Ing\" class=\"uag-image-296\" width=\"600\" height=\"549\" title=\"40 Jahre Pra Ing\" loading=\"lazy\" role=\"img\"\/><\/figure><\/div>\n<\/div>\n<\/div>\n\n\n\n<div class=\"wp-block-uagb-container inhalt-left uagb-block-b5ddc19e\">\n<div class=\"wp-block-uagb-advanced-heading uagb-block-6cf4c26c\"><h2 class=\"uagb-heading-text\">Das Team<\/h2><\/div>\n\n\n\n<p>Das Bauingenieur- und Beratungsb\u00fcro PRA Ing\u00e9nieurs Conseils SA besteht aus 18 Personen mit Sitz in Sitten. Wir verf\u00fcgen \u00fcber neun ETH-Bauingenieure mit verschiedensten Arbeitsschwerpunkten und Fachkompetenzen. Wir k\u00f6nnen auf vier CAD-Zeichner\/-innen, einen Bauleiter und das Sekretariat vertrauen. Gemeinsam haben wir mehrere hundert Projekte betreut und realisiert, darunter sehr viele langj\u00e4hrige Grossprojekte der \u00f6ffentlichen Hand.<\/p>\n\n\n\n<p><a href=\"\/de\/unkategorisiert\/organigramm\/\">Organigramm<\/a><\/p>\n\n\n\n<div style=\"height:60px\" aria-hidden=\"true\" class=\"wp-block-spacer\"><\/div>\n\n\n\n<div class=\"wp-block-uagb-advanced-heading uagb-block-43edf48e\"><h2 class=\"uagb-heading-text\">Unsere Erfahrung<\/h2><\/div>\n\n\n\n<p>Unser Bauingenieurb\u00fcro besteht seit 40 Jahren. Gegr\u00fcndet von Dr. Jean Pralong im Jahre 1984, treten wir seit 2004 unter dem Namen PRA Ing\u00e9nieurs Conseils SA auf. Wir arbeiten vor allem f\u00fcr anspruchsvolle, gr\u00f6ssere Projekte, sowohl im Kanton Wallis, als auch in der ganzen Schweiz und in den umliegenden L\u00e4ndern. Unsere Altersstruktur ist sehr durchmischt und garantiert die Weitergabe von Kompetenzen und Fachwissen auch in Zukunft.<\/p>\n\n\n\n<div style=\"height:60px\" aria-hidden=\"true\" class=\"wp-block-spacer\"><\/div>\n\n\n\n<div class=\"wp-block-uagb-advanced-heading uagb-block-3ad73c7d\"><h2 class=\"uagb-heading-text\">Ein vielseitiger Arbeitgeber<\/h2><\/div>\n\n\n\n<p>Die Vielfalt unserer Fachgebiete und Kompetenzen widerspiegelt die Vielfalt der Projekte und die kollegiale und wertsch\u00e4tzende Art, wie wir miteinander umgehen.<br>Wir suchen immer wieder motivierte und gute Bauingenieure, Bauingenieurinnen, Zeichnerinnen und Zeichner und bilden jedes Jahr mehrere Lehrlinge aus. Ihre Kontaktperson f\u00fcr Personalfragen ist Herr S\u00e9bastien Menoud.<\/p>\n\n\n\n<p><a href=\"\/news\/gesucht-tiefbauzeichner-in\/\">Offene Stelle<\/a><\/p>\n\n\n\n<div style=\"height:60px\" aria-hidden=\"true\" class=\"wp-block-spacer\"><\/div>\n\n\n\n<h2 class=\"wp-block-heading\">Unsere Werte<\/h2>\n\n\n\n<ul class=\"wp-block-list\">\n<li>Wir strukturieren Ideen zu Konzepten, um dem Bauherrn eine gute und sinnvolle L\u00f6sung pr\u00e4sentieren zu k\u00f6nnen.<\/li>\n\n\n\n<li>Wir ber\u00fccksichtigen dabei die wirtschaftlichen und \u00f6kologischen Rahmenbedingungen, aber auch die optimale Integration in das nat\u00fcrliche oder bebaute Umfeld.<\/li>\n\n\n\n<li>Wir m\u00f6chten mit unserer Arbeit einen Beitrag zur nachhaltigen Entwicklung und Erhaltung von Bauwerken leisten.<\/li>\n\n\n\n<li>Dabei steht immer der Bauherr im Mittelpunkt: Das pers\u00f6nliche Gespr\u00e4ch, die individuelle Betreuung, die sowohl kreative als auch wirtschaftlich und technisch optimale L\u00f6sung, basierend auf dem neuesten Stand der Technik.<\/li>\n<\/ul>\n\n\n\n<div style=\"height:60px\" aria-hidden=\"true\" class=\"wp-block-spacer\"><\/div>\n<\/div>\n<\/div><\/div>\n\n\n\n<div class=\"wp-block-uagb-container ende uagb-block-53585ed1 alignfull uagb-is-root-container\"><div class=\"uagb-container-inner-blocks-wrap\"><\/div><\/div>\n","protected":false},"excerpt":{"rendered":"<p>Das Team Das Bauingenieur- und Beratungsb\u00fcro PRA Ing\u00e9nieurs Conseils SA besteht aus 18 Personen mit Sitz in Sitten. Wir verf\u00fcgen \u00fcber neun ETH-Bauingenieure mit verschiedensten Arbeitsschwerpunkten und Fachkompetenzen. Wir k\u00f6nnen auf vier CAD-Zeichner\/-innen, einen Bauleiter und das Sekretariat vertrauen. Gemeinsam haben wir mehrere hundert Projekte betreut und realisiert, darunter sehr viele langj\u00e4hrige Grossprojekte der \u00f6ffentlichen [&hellip;]<\/p>\n","protected":false},"author":1,"featured_media":0,"parent":0,"menu_order":0,"comment_status":"closed","ping_status":"closed","template":"","meta":{"inline_featured_image":false,"_uag_custom_page_level_css":"","footnotes":""},"class_list":["post-1593","page","type-page","status-publish","hentry"],"uagb_featured_image_src":{"full":false,"thumbnail":false,"medium":false,"medium_large":false,"large":false,"1536x1536":false,"2048x2048":false,"ultp_layout_landscape_large":false,"ultp_layout_landscape":false,"ultp_layout_portrait":false,"ultp_layout_square":false},"uagb_author_info":{"display_name":"admin","author_link":"https:\/\/www.praing.ch\/de\/author\/adminischterprin\/"},"uagb_comment_info":0,"uagb_excerpt":"Das Team Das Bauingenieur- und Beratungsb\u00fcro PRA Ing\u00e9nieurs Conseils SA besteht aus 18 Personen mit Sitz in Sitten. Wir verf\u00fcgen \u00fcber neun ETH-Bauingenieure mit verschiedensten Arbeitsschwerpunkten und Fachkompetenzen. Wir k\u00f6nnen auf vier CAD-Zeichner\/-innen, einen Bauleiter und das Sekretariat vertrauen. Gemeinsam haben wir mehrere hundert Projekte betreut und realisiert, darunter sehr viele langj\u00e4hrige Grossprojekte der \u00f6ffentlichen&hellip;","_links":{"self":[{"href":"https:\/\/www.praing.ch\/de\/wp-json\/wp\/v2\/pages\/1593","targetHints":{"allow":["GET"]}}],"collection":[{"href":"https:\/\/www.praing.ch\/de\/wp-json\/wp\/v2\/pages"}],"about":[{"href":"https:\/\/www.praing.ch\/de\/wp-json\/wp\/v2\/types\/page"}],"author":[{"embeddable":true,"href":"https:\/\/www.praing.ch\/de\/wp-json\/wp\/v2\/users\/1"}],"replies":[{"embeddable":true,"href":"https:\/\/www.praing.ch\/de\/wp-json\/wp\/v2\/comments?post=1593"}],"version-history":[{"count":19,"href":"https:\/\/www.praing.ch\/de\/wp-json\/wp\/v2\/pages\/1593\/revisions"}],"predecessor-version":[{"id":3429,"href":"https:\/\/www.praing.ch\/de\/wp-json\/wp\/v2\/pages\/1593\/revisions\/3429"}],"wp:attachment":[{"href":"https:\/\/www.praing.ch\/de\/wp-json\/wp\/v2\/media?parent=1593"}],"curies":[{"name":"wp","href":"https:\/\/api.w.org\/{rel}","templated":true}]}}